{"id":1352,"date":"2026-04-13T17:36:11","date_gmt":"2026-04-13T15:36:11","guid":{"rendered":"https:\/\/netto.itmate.com.pl\/?page_id=1352"},"modified":"2026-04-13T17:46:25","modified_gmt":"2026-04-13T15:46:25","slug":"o-nas","status":"publish","type":"page","link":"https:\/\/netto.itmate.com.pl\/?page_id=1352","title":{"rendered":"O nas"},"content":{"rendered":"\n<div class=\"wp-block-uagb-container uagb-block-3cpseoli alignfull uagb-is-root-container\"><div class=\"uagb-container-inner-blocks-wrap\">\n<div class=\"wp-block-uagb-info-box uagb-block-5ndgphom uagb-infobox__content-wrap  uagb-infobox-icon-above-title uagb-infobox-image-valign-top\"><div class=\"uagb-ifb-content\"><div class=\"uagb-ifb-title-wrap\"><p class=\"uagb-ifb-title-prefix\">Ka\u017cda historia zaczyna si\u0119 od pomys\u0142u<\/p><h2 class=\"uagb-ifb-title\"><em>Odkryj podr\u00f3\u017c, kt\u00f3r\u0105 piszemy dla Ciebie ka\u017cdego dnia.<\/em><\/h2><\/div><p class=\"uagb-ifb-desc\"><br>Nasza zacz\u0119\u0142a si\u0119 od odwagi, ciekawo\u015bci \u015bwiata i przekonania, \u017ce w bran\u017cy p\u0142ytek ceramicznych mo\u017cna zrobi\u0107 co\u015b inaczej.<br><br>Za powstaniem Ceramiki Netto stoi nie tylko biznesowy plan, ale te\u017c osobista droga. Jej tw\u00f3rca &#8211; z wykszta\u0142cenia lekarz \u00a0&#8211; \u00a0w pewnym momencie swojego \u017cycia postanowi\u0142 poszuka\u0107 nowych wyzwa\u0144. Fascynacja rynkiem materia\u0142\u00f3w wyko\u0144czeniowych i ogromny potencja\u0142 bran\u017cy p\u0142ytek ceramicznych sprawi\u0142y, \u017ce na prze\u0142omie wiek\u00f3w rozpocz\u0119\u0142a si\u0119 przygoda z handlem p\u0142ytkami z W\u0142och, Hiszpanii i Polski. Z czasem dzia\u0142alno\u015b\u0107 rozwin\u0119\u0142a si\u0119 na tyle, \u017ce powsta\u0142a marka, kt\u00f3ra dzi\u015b jest znana na wielu europejskich rynkach.<br>Tak narodzi\u0142a si\u0119 Ceramika Netto &#8211; firma z Bia\u0142egostoku, kt\u00f3ra od ponad dekady rozwija si\u0119 w dynamicznym tempie, buduj\u0105c siln\u0105 pozycj\u0119 w bran\u017cy p\u0142ytek ceramicznych.<br>Dzi\u015b Ceramika Netto to firma, kt\u00f3ra \u0142\u0105czy europejsk\u0105 jako\u015b\u0107 z globalnym spojrzeniem na produkcj\u0119. Jeste\u015bmy jednym z najwi\u0119kszych importer\u00f3w p\u0142ytek z Indii w Polsce oraz pierwszym europejskim producentem p\u0142ytek powstaj\u0105cych w tym kierunku.<br><br>Nasze kolekcje trafiaj\u0105 nie tylko do polskich klient\u00f3w. P\u0142ytki Ceramiki Netto mo\u017cna znale\u017a\u0107 w wielu krajach Europy &#8211; mi\u0119dzy innymi w Niemczech, krajach skandynawskich, na Litwie, \u0141otwie czy W\u0119grzech.<br><br>To dla nas dow\u00f3d, \u017ce konsekwencja i wizja mog\u0105 prowadzi\u0107 z lokalnego rynku do mi\u0119dzynarodowego rozwoju.<br><br>Tworz\u0105c kolekcje, my\u015blimy przede wszystkim o przestrzeni i ludziach, kt\u00f3rzy b\u0119d\u0105 z niej korzysta\u0107. W naszej ofercie znajduje si\u0119 ponad 200 wzor\u00f3w p\u0142ytek pod\u0142ogowych i \u015bciennych, dost\u0119pnych w wielu formatach i wyko\u0144czeniach &#8211; od matowych i polerowanych po bardziej zaawansowane struktury powierzchni.<br><br>Za sukcesem Ceramiki Netto stoi zesp\u00f3\u0142 \u2013 grupa ludzi, kt\u00f3rych \u0142\u0105czy pasja do designu, jako\u015bci i ci\u0105g\u0142ego rozwoju. Ka\u017cdy projekt, ka\u017cda kolekcja i ka\u017cda wsp\u00f3\u0142praca z klientem to efekt wsp\u00f3lnej pracy specjalist\u00f3w z wielu obszar\u00f3w: od projektowania i logistyki po sprzeda\u017c i doradztwo.<br><br>Dzi\u0119ki temu jeste\u015bmy w stanie realizowa\u0107 zar\u00f3wno mniejsze zam\u00f3wienia, jak i du\u017ce projekty inwestycyjne, zawsze traktuj\u0105c naszych partner\u00f3w biznesowych jako r\u00f3wnorz\u0119dnych wsp\u00f3\u0142tw\u00f3rc\u00f3w sukcesu.<br><br>Ceramika Netto to firma, kt\u00f3ra rozwija si\u0119 dynamicznie i konsekwentnie. Potwierdzaj\u0105 to liczne wyr\u00f3\u017cnienia biznesowe, m.in. tytu\u0142y Geparda Biznesu, Brylantu Polskiej Gospodarki czy Mocnej Firmy Godnej Zaufania, przyznawane za stabilny wzrost i efektywno\u015b\u0107 dzia\u0142ania.<br><br>Jednak dla nas najwa\u017cniejsze s\u0105 nie nagrody, a zaufanie klient\u00f3w oraz przestrzenie, kt\u00f3re powstaj\u0105 z wykorzystaniem naszych produkt\u00f3w.<br><br>Bo wierzymy, \u017ce p\u0142ytki ceramiczne to co\u015b wi\u0119cej ni\u017c materia\u0142 wyko\u0144czeniowy.<br>To element codzienno\u015bci, kt\u00f3ry wsp\u00f3\u0142tworzy miejsca, w kt\u00f3rych \u017cyjemy.<br>\u00a0<br>I w\u0142a\u015bnie takie przestrzenie chcemy pomaga\u0107 tworzy\u0107.<\/p><\/div><\/div>\n\n\n\n<div class=\"wp-block-uagb-container uagb-block-snivvini\"><\/div>\n<\/div><\/div>\n\n\n\n<div class=\"wp-block-uagb-content-timeline uagb-timeline__outer-wrap uagb-block-f25565e0 uagb-timeline__content-wrap uagb-timeline__center-block  uagb-timeline__arrow-center uagb-timeline\">\n<article class=\"wp-block-uagb-content-timeline-child uagb-timeline__field uagb-timeline-child-66c0667b uagb-timeline__right\"><div class=\"uagb-timeline__marker out-view-uagb-timeline__icon\"><svg xmlns=\"https:\/\/www.w3.org\/2000\/svg\" viewBox=\"0 0 448 512\"><path d=\"M160 32V64H288V32C288 14.33 302.3 0 320 0C337.7 0 352 14.33 352 32V64H400C426.5 64 448 85.49 448 112V160H0V112C0 85.49 21.49 64 48 64H96V32C96 14.33 110.3 0 128 0C145.7 0 160 14.33 160 32zM0 192H448V464C448 490.5 426.5 512 400 512H48C21.49 512 0 490.5 0 464V192zM64 304C64 312.8 71.16 320 80 320H112C120.8 320 128 312.8 128 304V272C128 263.2 120.8 256 112 256H80C71.16 256 64 263.2 64 272V304zM192 304C192 312.8 199.2 320 208 320H240C248.8 320 256 312.8 256 304V272C256 263.2 248.8 256 240 256H208C199.2 256 192 263.2 192 272V304zM336 256C327.2 256 320 263.2 320 272V304C320 312.8 327.2 320 336 320H368C376.8 320 384 312.8 384 304V272C384 263.2 376.8 256 368 256H336zM64 432C64 440.8 71.16 448 80 448H112C120.8 448 128 440.8 128 432V400C128 391.2 120.8 384 112 384H80C71.16 384 64 391.2 64 400V432zM208 384C199.2 384 192 391.2 192 400V432C192 440.8 199.2 448 208 448H240C248.8 448 256 440.8 256 432V400C256 391.2 248.8 384 240 384H208zM320 432C320 440.8 327.2 448 336 448H368C376.8 448 384 440.8 384 432V400C384 391.2 376.8 384 368 384H336C327.2 384 320 391.2 320 400V432z\"><\/path><\/svg><\/div><div class=\"uagb-timeline__day-new uagb-timeline__day-right uagb-timeline__events-inner-new\"><div class=\"uagb-timeline__events-inner--content\"><div class=\"uagb-timeline__date-hide uagb-timeline__inner-date-new\">1991<\/div><h4 class=\"uagb-timeline__heading\">Pocz\u0105tek historii prezesa i za\u0142o\u017cyciela Ceramiki Netto z p\u0142ytkami cermaicnzymi<\/h4><p class=\"uagb-timeline-desc-content\"><\/p><div class=\"uagb-timeline__arrow\"><\/div><\/div><\/div><div class=\"uagb-timeline__date-new\">1991<\/div><\/article>\n<div class=\"uagb-timeline__line\"><div class=\"uagb-timeline__line__inner\"><\/div><\/div><\/div>\n\n\n\n<p class=\"has-large-font-size\"><\/p>\n","protected":false},"excerpt":{"rendered":"","protected":false},"author":1,"featured_media":0,"parent":0,"menu_order":0,"comment_status":"closed","ping_status":"closed","template":"","meta":{"_uag_custom_page_level_css":"","site-sidebar-layout":"default","site-content-layout":"","ast-site-content-layout":"default","site-content-style":"default","site-sidebar-style":"default","ast-global-header-display":"","ast-banner-title-visibility":"","ast-main-header-display":"","ast-hfb-above-header-display":"","ast-hfb-below-header-display":"","ast-hfb-mobile-header-display":"","site-post-title":"","ast-breadcrumbs-content":"","ast-featured-img":"","footer-sml-layout":"","ast-disable-related-posts":"","theme-transparent-header-meta":"","adv-header-id-meta":"","stick-header-meta":"","header-above-stick-meta":"","header-main-stick-meta":"","header-below-stick-meta":"","astra-migrate-meta-layouts":"default","ast-page-background-enabled":"default","ast-page-background-meta":{"desktop":{"background-color":"var(--ast-global-color-4)","background-image":"","background-repeat":"repeat","background-position":"center center","background-size":"auto","background-attachment":"scroll","background-type":"","background-media":"","overlay-type":"","overlay-color":"","overlay-opacity":"","overlay-gradient":""},"tablet":{"background-color":"","background-image":"","background-repeat":"repeat","background-position":"center center","background-size":"auto","background-attachment":"scroll","background-type":"","background-media":"","overlay-type":"","overlay-color":"","overlay-opacity":"","overlay-gradient":""},"mobile":{"background-color":"","background-image":"","background-repeat":"repeat","background-position":"center center","background-size":"auto","background-attachment":"scroll","background-type":"","background-media":"","overlay-type":"","overlay-color":"","overlay-opacity":"","overlay-gradient":""}},"ast-content-background-meta":{"desktop":{"background-color":"var(--ast-global-color-5)","background-image":"","background-repeat":"repeat","background-position":"center center","background-size":"auto","background-attachment":"scroll","background-type":"","background-media":"","overlay-type":"","overlay-color":"","overlay-opacity":"","overlay-gradient":""},"tablet":{"background-color":"var(--ast-global-color-5)","background-image":"","background-repeat":"repeat","background-position":"center center","background-size":"auto","background-attachment":"scroll","background-type":"","background-media":"","overlay-type":"","overlay-color":"","overlay-opacity":"","overlay-gradient":""},"mobile":{"background-color":"var(--ast-global-color-5)","background-image":"","background-repeat":"repeat","background-position":"center center","background-size":"auto","background-attachment":"scroll","background-type":"","background-media":"","overlay-type":"","overlay-color":"","overlay-opacity":"","overlay-gradient":""}},"footnotes":""},"class_list":["post-1352","page","type-page","status-publish","hentry"],"uagb_featured_image_src":{"full":false,"thumbnail":false,"medium":false,"medium_large":false,"large":false,"1536x1536":false,"2048x2048":false,"woocommerce_thumbnail":false,"woocommerce_single":false,"woocommerce_gallery_thumbnail":false},"uagb_author_info":{"display_name":"admin","author_link":"https:\/\/netto.itmate.com.pl\/?author=1"},"uagb_comment_info":0,"uagb_excerpt":null,"_links":{"self":[{"href":"https:\/\/netto.itmate.com.pl\/index.php?rest_route=\/wp\/v2\/pages\/1352","targetHints":{"allow":["GET"]}}],"collection":[{"href":"https:\/\/netto.itmate.com.pl\/index.php?rest_route=\/wp\/v2\/pages"}],"about":[{"href":"https:\/\/netto.itmate.com.pl\/index.php?rest_route=\/wp\/v2\/types\/page"}],"author":[{"embeddable":true,"href":"https:\/\/netto.itmate.com.pl\/index.php?rest_route=\/wp\/v2\/users\/1"}],"replies":[{"embeddable":true,"href":"https:\/\/netto.itmate.com.pl\/index.php?rest_route=%2Fwp%2Fv2%2Fcomments&post=1352"}],"version-history":[{"count":4,"href":"https:\/\/netto.itmate.com.pl\/index.php?rest_route=\/wp\/v2\/pages\/1352\/revisions"}],"predecessor-version":[{"id":1356,"href":"https:\/\/netto.itmate.com.pl\/index.php?rest_route=\/wp\/v2\/pages\/1352\/revisions\/1356"}],"wp:attachment":[{"href":"https:\/\/netto.itmate.com.pl\/index.php?rest_route=%2Fwp%2Fv2%2Fmedia&parent=1352"}],"curies":[{"name":"wp","href":"https:\/\/api.w.org\/{rel}","templated":true}]}}