{"id":1336,"date":"2026-03-01T18:32:27","date_gmt":"2026-03-01T17:32:27","guid":{"rendered":"http:\/\/netto.itmate.com.pl\/?page_id=1336"},"modified":"2026-04-13T17:47:56","modified_gmt":"2026-04-13T15:47:56","slug":"kontakt","status":"publish","type":"page","link":"https:\/\/netto.itmate.com.pl\/?page_id=1336","title":{"rendered":"Kontakt"},"content":{"rendered":"\n<div class=\"wp-block-uagb-container uagb-block-wjrmjg29 alignfull uagb-is-root-container\"><div class=\"uagb-container-inner-blocks-wrap\">\n<div class=\"wp-block-uagb-info-box uagb-block-owvernk2 uagb-infobox__content-wrap  uagb-infobox-icon-above-title uagb-infobox-image-valign-top\"><div class=\"uagb-ifb-content\"><div class=\"uagb-ifb-title-wrap\"><h1 class=\"uagb-ifb-title\">Kontakt<\/h1><\/div><\/div><\/div>\n<\/div><\/div>\n\n\n\n<div class=\"wp-block-uagb-container uagb-block-oypt3bhk alignfull uagb-is-root-container\"><div class=\"uagb-container-inner-blocks-wrap\">\n<div class=\"wp-block-uagb-container uagb-block-ptn7qs4r\">\n<div class=\"wp-block-uagb-info-box uagb-block-a5zeoofd uagb-infobox__content-wrap  uagb-infobox-icon-above-title uagb-infobox-image-valign-top\"><div class=\"uagb-ifb-content\"><div class=\"uagb-ifb-title-wrap\"><h2 class=\"uagb-ifb-title\">Skontaktuj si\u0119 z nami<\/h2><\/div><\/div><\/div>\n\n\n\n<div class=\"wp-block-uagb-info-box uagb-block-s404ahch uagb-infobox__content-wrap  uagb-infobox-icon-left-title uagb-infobox-left uagb-infobox-image-valign-top\"><div class=\"uagb-ifb-content\"><div class=\"uagb-ifb-left-title-image\"><div class=\"uagb-ifb-icon-wrap\"><svg xmlns=\"https:\/\/www.w3.org\/2000\/svg\" viewBox=\"0 0 384 512\"><path d=\"M168.3 499.2C116.1 435 0 279.4 0 192C0 85.96 85.96 0 192 0C298 0 384 85.96 384 192C384 279.4 267 435 215.7 499.2C203.4 514.5 180.6 514.5 168.3 499.2H168.3zM192 256C227.3 256 256 227.3 256 192C256 156.7 227.3 128 192 128C156.7 128 128 156.7 128 192C128 227.3 156.7 256 192 256z\"><\/path><\/svg><\/div><div class=\"uagb-ifb-title-wrap\"><p class=\"uagb-ifb-title\">Ceramika NETTO Sp. z o.o. Sp. k.<\/p><\/div><\/div><p class=\"uagb-ifb-desc\">Narodowych Si\u0142 Zbrojnych 23<br>15-690 Bia\u0142ystok, Poland<\/p><div class=\"uagb-ifb-separator\"><\/div><\/div><\/div>\n\n\n\n<div class=\"wp-block-uagb-info-box uagb-block-xngn7yet uagb-infobox__content-wrap  uagb-infobox-icon-left-title uagb-infobox-left uagb-infobox-image-valign-top\"><div class=\"uagb-ifb-content\"><div class=\"uagb-ifb-left-title-image\"><div class=\"uagb-ifb-icon-wrap\"><svg xmlns=\"https:\/\/www.w3.org\/2000\/svg\" viewBox=\"0 0 512 512\"><path d=\"M464 64C490.5 64 512 85.49 512 112C512 127.1 504.9 141.3 492.8 150.4L275.2 313.6C263.8 322.1 248.2 322.1 236.8 313.6L19.2 150.4C7.113 141.3 0 127.1 0 112C0 85.49 21.49 64 48 64H464zM217.6 339.2C240.4 356.3 271.6 356.3 294.4 339.2L512 176V384C512 419.3 483.3 448 448 448H64C28.65 448 0 419.3 0 384V176L217.6 339.2z\"><\/path><\/svg><\/div><div class=\"uagb-ifb-title-wrap\"><p class=\"uagb-ifb-title\">E-mail<\/p><\/div><\/div><p class=\"uagb-ifb-desc\">biuro@netto.net.pl<\/p><div class=\"uagb-ifb-separator\"><\/div><\/div><\/div>\n<\/div>\n\n\n\n<div class=\"wp-block-uagb-forms uagb-forms__outer-wrap uagb-block-p9b24rid uagb-forms__default-btn\"><form class=\"uagb-forms-main-form\" method=\"post\" autocomplete=\"on\" name=\"uagb-form-p9b24rid\">\n<div class=\"wp-block-uagb-forms-name uagb-forms-name-wrap uagb-forms-field-set uagb-block-mgnblbk3 uag-col-2\"><div class=\"uagb-forms-name-label required uagb-forms-input-label\" id=\"mgnblbk3\">First Name<\/div><input type=\"text\" placeholder=\"Imi\u0119\" required class=\"uagb-forms-name-input uagb-forms-input\" name=\"mgnblbk3\" autocomplete=\"given-name\"\/><\/div>\n\n\n\n<div class=\"wp-block-uagb-forms-name uagb-forms-name-wrap uagb-forms-field-set uagb-block-tctdufld uag-col-2\"><div class=\"uagb-forms-name-label required uagb-forms-input-label\" id=\"tctdufld\">Last Name<\/div><input type=\"text\" placeholder=\"Nazwisko\" required class=\"uagb-forms-name-input uagb-forms-input\" name=\"tctdufld\" autocomplete=\"family-name\"\/><\/div>\n\n\n\n<div class=\"wp-block-uagb-forms-email uagb-forms-email-wrap uagb-forms-field-set uagb-block-gxdtrqej\"><div class=\"uagb-forms-email-label required uagb-forms-input-label\" id=\"gxdtrqej\">Email<\/div><input type=\"email\" class=\"uagb-forms-email-input uagb-forms-input\" placeholder=\"Adres e-mail\" required name=\"gxdtrqej\" autocomplete=\"email\"\/><\/div>\n\n\n\n<div class=\"wp-block-uagb-forms-textarea uagb-forms-textarea-wrap uagb-forms-field-set uagb-block-n1znuxns\"><div class=\"uagb-forms-textarea-label required uagb-forms-input-label\" id=\"n1znuxns\">Message<\/div><textarea required class=\"uagb-forms-textarea-input uagb-forms-input\" rows=\"6\" placeholder=\"Widadomos\u0107\" name=\"n1znuxns\" autocomplete=\"off\"><\/textarea><\/div>\n<div class=\"uagb-forms-form-hidden-data\"><input type=\"hidden\" class=\"uagb_forms_form_label\" value=\"Spectra Form\"\/><input type=\"hidden\" class=\"uagb_forms_form_id\" value=\"uagb-form-p9b24rid\"\/><\/div><div class=\"uagb-form-reacaptcha-error-p9b24rid\"><\/div><div class=\"uagb-forms-main-submit-button-wrap wp-block-button\"><button class=\"uagb-forms-main-submit-button ast-outline-button\" style=\"border-width:revert-layer\"><div class=\"uagb-forms-main-submit-button-text\">WY\u015aLIJ<\/div><\/button><\/div><\/form><div class=\"uagb-forms-success-message-p9b24rid uagb-forms-submit-message-hide\"><span>Wiadomo\u015b\u0107 zosta\u0142a wys\u0142ana<\/span><\/div><div class=\"uagb-forms-failed-message-p9b24rid uagb-forms-submit-message-hide\"><span>There has been some error while submitting the form. Please verify all form fields again.<\/span><\/div><\/div>\n<\/div><\/div>\n\n\n\t\t\t<div \n\t\t\tclass=\"wp-block-uagb-google-map uagb-google-map__wrap uagb-block-575a939b     \"\n\t\t\tstyle=\"\" >\n\t\t\t\t<embed\n\t\t\t\t\tclass=\"uagb-google-map__iframe\"\n\t\t\t\t\ttitle=\"Mapa Google dla \"\n\t\t\t\t\tsrc=\"https:\/\/maps.google.com\/maps?q=Ceramika%20NETTO%20Sp.%20z%20o.o.%20Sp.%20k.&#038;z=12&#038;hl=pl&#038;t=m&#038;output=embed&#038;iwloc=near\"\n\t\t\t\t\twidth=\"640\"\n\t\t\t\t\theight=\"382\"\n\t\t\t\t\tloading=\"lazy\"\n\t\t\t\t><\/embed>\n\t\t\t<\/div>\n\t\t\t\n\n\n<p><\/p>\n\n\n\n<div class=\"wp-block-uagb-container uagb-block-7rvbgwdj alignfull uagb-is-root-container\"><div class=\"uagb-container-inner-blocks-wrap\">\n<div class=\"wp-block-uagb-advanced-heading uagb-block-3d5691e0\"><h2 class=\"uagb-heading-text\">Kontakt do poszczeg\u00f3lnych dzia\u0142\u00f3w<\/h2><\/div>\n\n\n\n<div class=\"wp-block-uagb-info-box uagb-block-ohkrdrrd uagb-infobox__content-wrap  uagb-infobox-icon-above-title uagb-infobox-image-valign-top\"><div class=\"uagb-ifb-content\"><div class=\"uagb-ifb-title-wrap\"><h2 class=\"uagb-ifb-title\">Salon sprzeda\u017cy<\/h2><\/div><p class=\"uagb-ifb-desc\">tel: +48 577 433 555<br>e-mail:\u00a0salon@cortinagroup.eu<\/p><\/div><\/div>\n\n\n\n<div class=\"wp-block-uagb-info-box uagb-block-ae8f5061 uagb-infobox__content-wrap  uagb-infobox-icon-above-title uagb-infobox-image-valign-top\"><div class=\"uagb-ifb-content\"><div class=\"uagb-ifb-title-wrap\"><h2 class=\"uagb-ifb-title\">Dzia\u0142 sprzeda\u017cy hurtowej<\/h2><\/div><\/div><\/div>\n\n\n\n<div class=\"wp-block-uagb-container uagb-layout-grid uagb-block-pstwebvr\">\n<div class=\"wp-block-uagb-container uagb-block-qrjitqfy\">\n<div class=\"wp-block-uagb-image aligncenter uagb-block-kgptgev3 wp-block-uagb-image--layout-default wp-block-uagb-image--effect-static wp-block-uagb-image--align-center\"><figure class=\"wp-block-uagb-image__figure\"><img decoding=\"async\" srcset=\"https:\/\/websitedemos.net\/wp-content\/uploads\/2023\/09\/team-skip-04.jpg ,https:\/\/websitedemos.net\/wp-content\/uploads\/2023\/09\/team-skip-04.jpg 780w, https:\/\/websitedemos.net\/wp-content\/uploads\/2023\/09\/team-skip-04.jpg 360w\" sizes=\"auto, (max-width: 480px) 150px\" src=\"https:\/\/websitedemos.net\/wp-content\/uploads\/2023\/09\/team-skip-04.jpg\" alt=\"\" class=\"uag-image-77944\" width=\"64\" height=\"64\" title=\"\" loading=\"lazy\" role=\"img\"\/><\/figure><\/div>\n\n\n\n<div class=\"wp-block-uagb-info-box uagb-block-wvw0rhav uagb-infobox__content-wrap  uagb-infobox-icon-above-title uagb-infobox-image-valign-top\"><div class=\"uagb-ifb-content\"><div class=\"uagb-ifb-title-wrap\"><p class=\"uagb-ifb-title\">Artur Jakubowski<\/p><\/div><p class=\"uagb-ifb-desc\">Dyrektor Handlowy<br><a href=\"tel:+48 533 828 461\">+48 602 656 878<\/a><br><a href=\"mailto:sebastian.poplawski@netto.net.pl\">artur.jakubowski@netto.net.pl<\/a><\/p><\/div><\/div>\n<\/div>\n\n\n\n<div class=\"wp-block-uagb-container uagb-block-bkeissca\">\n<div class=\"wp-block-uagb-image aligncenter uagb-block-2tfyjrio wp-block-uagb-image--layout-default wp-block-uagb-image--effect-static wp-block-uagb-image--align-center\"><figure class=\"wp-block-uagb-image__figure\"><img decoding=\"async\" srcset=\"https:\/\/websitedemos.net\/wp-content\/uploads\/2023\/09\/team-skip-25.jpg ,https:\/\/websitedemos.net\/wp-content\/uploads\/2023\/09\/team-skip-25.jpg 780w, https:\/\/websitedemos.net\/wp-content\/uploads\/2023\/09\/team-skip-25.jpg 360w\" sizes=\"auto, (max-width: 480px) 150px\" src=\"https:\/\/websitedemos.net\/wp-content\/uploads\/2023\/09\/team-skip-25.jpg\" alt=\"\" class=\"uag-image-78349\" width=\"64\" height=\"64\" title=\"\" loading=\"lazy\" role=\"img\"\/><\/figure><\/div>\n\n\n\n<div class=\"wp-block-uagb-info-box uagb-block-yprj2qap uagb-infobox__content-wrap  uagb-infobox-icon-above-title uagb-infobox-image-valign-top\"><div class=\"uagb-ifb-content\"><div class=\"uagb-ifb-title-wrap\"><p class=\"uagb-ifb-title\">Katarzyna Sawo\u0144<\/p><\/div><p class=\"uagb-ifb-desc\">Koordynator ds. Sprzeda\u017cy<br><a href=\"tel:+48%C2%A0533%C2%A0543 310\">+48\u00a0533\u00a0543 310<\/a><br><a href=\"mailto:katarzyna.polocka@netto.net.pl\">katarzyna.sawon@netto.net.pl<\/a>\u00a0<\/p><\/div><\/div>\n<\/div>\n\n\n\n<div class=\"wp-block-uagb-container uagb-block-luzsq2xq\">\n<div class=\"wp-block-uagb-image aligncenter uagb-block-c29cunul wp-block-uagb-image--layout-default wp-block-uagb-image--effect-static wp-block-uagb-image--align-center\"><figure class=\"wp-block-uagb-image__figure\"><img decoding=\"async\" srcset=\"https:\/\/websitedemos.net\/wp-content\/uploads\/2023\/09\/team-skip-06.jpg ,https:\/\/websitedemos.net\/wp-content\/uploads\/2023\/09\/team-skip-25.jpg 780w, https:\/\/websitedemos.net\/wp-content\/uploads\/2023\/09\/team-skip-25.jpg 360w\" sizes=\"auto, (max-width: 480px) 150px\" src=\"https:\/\/websitedemos.net\/wp-content\/uploads\/2023\/09\/team-skip-06.jpg\" alt=\"\" class=\"uag-image-77947\" width=\"64\" height=\"64\" title=\"\" loading=\"lazy\" role=\"img\"\/><\/figure><\/div>\n\n\n\n<div class=\"wp-block-uagb-info-box uagb-block-e1ei7tpz uagb-infobox__content-wrap  uagb-infobox-icon-above-title uagb-infobox-image-valign-top\"><div class=\"uagb-ifb-content\"><div class=\"uagb-ifb-title-wrap\"><p class=\"uagb-ifb-title\">Magdalena Jasiulewicz<\/p><\/div><p class=\"uagb-ifb-desc\">Specjalista ds. Sprzeda\u017cy<br>(podlaskie, warmi\u0144sko-mazurskie, pomorskie, kujawsko-pomorskie,<br>zachodniopomorskie, wielkopolskie, lubuskie)<br><a href=\"tel:+48 537 227 838\">+48 537 227 838<\/a><br><a href=\"mailto:agnieszka.halicka@netto.net.pl\">magdalena.jasiulewicz@netto.net.pl<\/a><br><\/p><\/div><\/div>\n<\/div>\n\n\n\n<div class=\"wp-block-uagb-container uagb-block-7qmdvlkr\">\n<div class=\"wp-block-uagb-image aligncenter uagb-block-3ovz6t6i wp-block-uagb-image--layout-default wp-block-uagb-image--effect-static wp-block-uagb-image--align-center\"><figure class=\"wp-block-uagb-image__figure\"><img decoding=\"async\" srcset=\"https:\/\/websitedemos.net\/wp-content\/uploads\/2023\/09\/team-skip-27.jpg ,https:\/\/websitedemos.net\/wp-content\/uploads\/2023\/09\/team-skip-25.jpg 780w, https:\/\/websitedemos.net\/wp-content\/uploads\/2023\/09\/team-skip-25.jpg 360w\" sizes=\"auto, (max-width: 480px) 150px\" src=\"https:\/\/websitedemos.net\/wp-content\/uploads\/2023\/09\/team-skip-27.jpg\" alt=\"\" class=\"uag-image-78358\" width=\"64\" height=\"64\" title=\"\" loading=\"lazy\" role=\"img\"\/><\/figure><\/div>\n\n\n\n<div class=\"wp-block-uagb-info-box uagb-block-d4vjv3hy uagb-infobox__content-wrap  uagb-infobox-icon-above-title uagb-infobox-image-valign-top\"><div class=\"uagb-ifb-content\"><div class=\"uagb-ifb-title-wrap\"><p class=\"uagb-ifb-title\">Ma\u0142gorzata Grzybowska<\/p><\/div><p class=\"uagb-ifb-desc\">Specjalista ds. Sprzeda\u017cy<br>(dolno\u015bl\u0105skie, \u015bl\u0105skie, opolskie, ma\u0142opolskie,<br>mazowieckie, lubelskie, \u0142\u00f3dzkie, \u015bwi\u0119tokrzyskie, podkarpackie)<br><a href=\"tel:+48 606 693 350\">+48 606 693 350<\/a><br><a href=\"mailto:malgorzata.grzybowska@netto.net.pl\">malgorzata.grzybowska@netto.net.pl<\/a><br><\/p><\/div><\/div>\n<\/div>\n\n\n\n<div class=\"wp-block-uagb-container uagb-block-5odjxnvn\"><\/div>\n<\/div>\n\n\n\n<div class=\"wp-block-uagb-container uagb-block-b65d0d20\"><\/div>\n<\/div><\/div>\n","protected":false},"excerpt":{"rendered":"<p>Kontakt do poszczeg\u00f3lnych dzia\u0142\u00f3w<\/p>\n","protected":false},"author":1,"featured_media":0,"parent":0,"menu_order":0,"comment_status":"closed","ping_status":"closed","template":"","meta":{"_uag_custom_page_level_css":"","site-sidebar-layout":"default","site-content-layout":"","ast-site-content-layout":"default","site-content-style":"default","site-sidebar-style":"default","ast-global-header-display":"","ast-banner-title-visibility":"","ast-main-header-display":"","ast-hfb-above-header-display":"","ast-hfb-below-header-display":"","ast-hfb-mobile-header-display":"","site-post-title":"disabled","ast-breadcrumbs-content":"","ast-featured-img":"","footer-sml-layout":"","ast-disable-related-posts":"","theme-transparent-header-meta":"","adv-header-id-meta":"","stick-header-meta":"","header-above-stick-meta":"","header-main-stick-meta":"","header-below-stick-meta":"","astra-migrate-meta-layouts":"default","ast-page-background-enabled":"default","ast-page-background-meta":{"desktop":{"background-color":"var(--ast-global-color-4)","background-image":"","background-repeat":"repeat","background-position":"center center","background-size":"auto","background-attachment":"scroll","background-type":"","background-media":"","overlay-type":"","overlay-color":"","overlay-opacity":"","overlay-gradient":""},"tablet":{"background-color":"","background-image":"","background-repeat":"repeat","background-position":"center center","background-size":"auto","background-attachment":"scroll","background-type":"","background-media":"","overlay-type":"","overlay-color":"","overlay-opacity":"","overlay-gradient":""},"mobile":{"background-color":"","background-image":"","background-repeat":"repeat","background-position":"center center","background-size":"auto","background-attachment":"scroll","background-type":"","background-media":"","overlay-type":"","overlay-color":"","overlay-opacity":"","overlay-gradient":""}},"ast-content-background-meta":{"desktop":{"background-color":"var(--ast-global-color-5)","background-image":"","background-repeat":"repeat","background-position":"center center","background-size":"auto","background-attachment":"scroll","background-type":"","background-media":"","overlay-type":"","overlay-color":"","overlay-opacity":"","overlay-gradient":""},"tablet":{"background-color":"var(--ast-global-color-5)","background-image":"","background-repeat":"repeat","background-position":"center center","background-size":"auto","background-attachment":"scroll","background-type":"","background-media":"","overlay-type":"","overlay-color":"","overlay-opacity":"","overlay-gradient":""},"mobile":{"background-color":"var(--ast-global-color-5)","background-image":"","background-repeat":"repeat","background-position":"center center","background-size":"auto","background-attachment":"scroll","background-type":"","background-media":"","overlay-type":"","overlay-color":"","overlay-opacity":"","overlay-gradient":""}},"footnotes":""},"class_list":["post-1336","page","type-page","status-publish","hentry"],"uagb_featured_image_src":{"full":false,"thumbnail":false,"medium":false,"medium_large":false,"large":false,"1536x1536":false,"2048x2048":false,"woocommerce_thumbnail":false,"woocommerce_single":false,"woocommerce_gallery_thumbnail":false},"uagb_author_info":{"display_name":"admin","author_link":"https:\/\/netto.itmate.com.pl\/?author=1"},"uagb_comment_info":0,"uagb_excerpt":"Kontakt do poszczeg\u00f3lnych dzia\u0142\u00f3w","_links":{"self":[{"href":"https:\/\/netto.itmate.com.pl\/index.php?rest_route=\/wp\/v2\/pages\/1336","targetHints":{"allow":["GET"]}}],"collection":[{"href":"https:\/\/netto.itmate.com.pl\/index.php?rest_route=\/wp\/v2\/pages"}],"about":[{"href":"https:\/\/netto.itmate.com.pl\/index.php?rest_route=\/wp\/v2\/types\/page"}],"author":[{"embeddable":true,"href":"https:\/\/netto.itmate.com.pl\/index.php?rest_route=\/wp\/v2\/users\/1"}],"replies":[{"embeddable":true,"href":"https:\/\/netto.itmate.com.pl\/index.php?rest_route=%2Fwp%2Fv2%2Fcomments&post=1336"}],"version-history":[{"count":8,"href":"https:\/\/netto.itmate.com.pl\/index.php?rest_route=\/wp\/v2\/pages\/1336\/revisions"}],"predecessor-version":[{"id":1358,"href":"https:\/\/netto.itmate.com.pl\/index.php?rest_route=\/wp\/v2\/pages\/1336\/revisions\/1358"}],"wp:attachment":[{"href":"https:\/\/netto.itmate.com.pl\/index.php?rest_route=%2Fwp%2Fv2%2Fmedia&parent=1336"}],"curies":[{"name":"wp","href":"https:\/\/api.w.org\/{rel}","templated":true}]}}