{"id":1291,"date":"2026-02-20T16:24:45","date_gmt":"2026-02-20T15:24:45","guid":{"rendered":"http:\/\/netto.itmate.com.pl\/?page_id=1291"},"modified":"2026-02-21T13:16:35","modified_gmt":"2026-02-21T12:16:35","slug":"oferta-2","status":"publish","type":"page","link":"https:\/\/netto.itmate.com.pl\/?page_id=1291","title":{"rendered":"Oferta"},"content":{"rendered":"\n<div class=\"wp-block-uagb-container uagb-block-lkzcqd8t alignfull uagb-is-root-container\"><div class=\"uagb-container-inner-blocks-wrap\">\n<div class=\"wp-block-uagb-info-box uagb-block-lnt6jaf7 uagb-infobox__content-wrap  uagb-infobox-icon-above-title uagb-infobox-image-valign-top\"><div class=\"uagb-ifb-content\"><div class=\"uagb-ifb-title-wrap\"><h1 class=\"uagb-ifb-title\">Kolekcje p\u0142ytek<\/h1><\/div><p class=\"uagb-ifb-desc\"><br>Nasze kolekcje p\u0142ytek to wyj\u0105tkowe po\u0142\u0105czenie elegancji i oryginalno\u015bci. P\u0142ytki charakteryzuj\u0105 si\u0119 niepowtarzalnym designem, kt\u00f3ry zachwyca swoj\u0105 r\u00f3\u017cnorodno\u015bci\u0105 i finezj\u0105. Kolekcje sk\u0142adaj\u0105 si\u0119 z r\u00f3\u017cnych wzor\u00f3w, od delikatnych bazowych po bardziej odwa\u017cne i nietuzinkowe. Dzi\u0119ki temu ka\u017cdy znajdzie co\u015b dla siebie, niezale\u017cnie od preferencji stylistycznych.&nbsp;Ponadczasowy design, niezwyk\u0142a jako\u015b\u0107 i doskona\u0142e parametry techniczne pozwol\u0105 ci stworzy\u0107 unikaln\u0105 aran\u017cacj\u0119.<br><\/p><\/div><\/div>\n\n\n\n<div class=\"wp-block-uagb-container uagb-block-v3yrdpdr\">\n<div data-aos= \"fade\" data-aos-duration=\"400\" data-aos-delay=\"0\" data-aos-easing=\"ease\" data-aos-once=\"true\" class=\"wp-block-uagb-image alignleft uagb-block-iqjvvklg wp-block-uagb-image--layout-overlay wp-block-uagb-image--effect-grayscale wp-block-uagb-image--align-left\"><figure class=\"wp-block-uagb-image__figure\"><a class=\"\" href=\"http:\/\/netto.itmate.com.pl\/?page_id=1261\" target=\"\" rel=\"noopener\"><img decoding=\"async\" srcset=\"https:\/\/netto.itmate.com.pl\/wp-content\/uploads\/2026\/02\/super-white-60x120-wizualizacja.jpg ,https:\/\/netto.itmate.com.pl\/wp-content\/uploads\/2026\/02\/super-white-60x120-wizualizacja.jpg 780w, https:\/\/netto.itmate.com.pl\/wp-content\/uploads\/2026\/02\/super-white-60x120-wizualizacja.jpg 360w\" sizes=\"auto, (max-width: 480px) 150px\" src=\"https:\/\/netto.itmate.com.pl\/wp-content\/uploads\/2026\/02\/super-white-60x120-wizualizacja.jpg\" alt=\"\" class=\"uag-image-1259\" width=\"282\" height=\"370\" title=\"\" loading=\"lazy\" role=\"presentation\"\/><\/a><div class=\"wp-block-uagb-image--layout-overlay__color-wrapper\"><\/div><div class=\"wp-block-uagb-image--layout-overlay__inner center-center\"><a class=\"wp-block-uagb-image--layout-overlay-link \" href=\"http:\/\/netto.itmate.com.pl\/?page_id=1261\" target=\"\" rel=\"noopener\"><\/a><h2 class=\"uagb-image-heading\">Basic<\/h2><\/div><\/figure><\/div>\n\n\n\n<div class=\"wp-block-uagb-image alignleft uagb-block-uvktxsj3 wp-block-uagb-image--layout-overlay wp-block-uagb-image--effect-static wp-block-uagb-image--align-left\"><figure class=\"wp-block-uagb-image__figure\"><img decoding=\"async\" srcset=\"https:\/\/netto.itmate.com.pl\/wp-content\/uploads\/2026\/02\/BLACK-SKY-POLISHED.jpg ,https:\/\/netto.itmate.com.pl\/wp-content\/uploads\/2026\/02\/BLACK-SKY-POLISHED.jpg 780w, https:\/\/netto.itmate.com.pl\/wp-content\/uploads\/2026\/02\/BLACK-SKY-POLISHED.jpg 360w\" sizes=\"auto, (max-width: 480px) 150px\" src=\"https:\/\/netto.itmate.com.pl\/wp-content\/uploads\/2026\/02\/BLACK-SKY-POLISHED.jpg\" alt=\"\" class=\"uag-image-8\" width=\"282\" height=\"420\" title=\"\" loading=\"lazy\" role=\"presentation\"\/><div class=\"wp-block-uagb-image--layout-overlay__color-wrapper\"><\/div><div class=\"wp-block-uagb-image--layout-overlay__inner center-center\"><h2 class=\"uagb-image-heading\">123<\/h2><\/div><\/figure><\/div>\n\n\n\n<div class=\"wp-block-uagb-image alignleft uagb-block-g5l6zj3p wp-block-uagb-image--layout-overlay wp-block-uagb-image--effect-static wp-block-uagb-image--align-left\"><figure class=\"wp-block-uagb-image__figure\"><img decoding=\"async\" srcset=\"https:\/\/netto.itmate.com.pl\/wp-content\/uploads\/2026\/02\/GREY-SKY-60x120-wizualizacja-scaled-1.jpg ,https:\/\/netto.itmate.com.pl\/wp-content\/uploads\/2026\/02\/GREY-SKY-60x120-wizualizacja-scaled-1.jpg 780w, https:\/\/netto.itmate.com.pl\/wp-content\/uploads\/2026\/02\/GREY-SKY-60x120-wizualizacja-scaled-1.jpg 360w\" sizes=\"auto, (max-width: 480px) 150px\" src=\"https:\/\/netto.itmate.com.pl\/wp-content\/uploads\/2026\/02\/GREY-SKY-60x120-wizualizacja-scaled-1.jpg\" alt=\"\" class=\"uag-image-12\" width=\"282\" height=\"370\" title=\"\" loading=\"lazy\" role=\"presentation\"\/><div class=\"wp-block-uagb-image--layout-overlay__color-wrapper\"><\/div><div class=\"wp-block-uagb-image--layout-overlay__inner center-center\"><h2 class=\"uagb-image-heading\">123<\/h2><\/div><\/figure><\/div>\n\n\n\n<div class=\"wp-block-uagb-image alignleft uagb-block-5ciyqrbg wp-block-uagb-image--layout-overlay wp-block-uagb-image--effect-static wp-block-uagb-image--align-left\"><figure class=\"wp-block-uagb-image__figure\"><img decoding=\"async\" srcset=\"https:\/\/netto.itmate.com.pl\/wp-content\/uploads\/2026\/02\/LEO-BIANCO-60X120-WIZKA.jpg ,https:\/\/netto.itmate.com.pl\/wp-content\/uploads\/2026\/02\/LEO-BIANCO-60X120-WIZKA.jpg 780w, https:\/\/netto.itmate.com.pl\/wp-content\/uploads\/2026\/02\/LEO-BIANCO-60X120-WIZKA.jpg 360w\" sizes=\"auto, (max-width: 480px) 150px\" src=\"https:\/\/netto.itmate.com.pl\/wp-content\/uploads\/2026\/02\/LEO-BIANCO-60X120-WIZKA.jpg\" alt=\"\" class=\"uag-image-21\" width=\"282\" height=\"420\" title=\"LEO-BIANCO-60X120-WIZKA\" loading=\"lazy\" role=\"img\"\/><div class=\"wp-block-uagb-image--layout-overlay__color-wrapper\"><\/div><div class=\"wp-block-uagb-image--layout-overlay__inner center-center\"><h2 class=\"uagb-image-heading\">XYZ<\/h2><\/div><\/figure><\/div>\n<\/div>\n\n\n\n<div class=\"wp-block-uagb-container uagb-block-d108bbf4\">\n<div class=\"wp-block-uagb-image alignleft uagb-block-174c17ce wp-block-uagb-image--layout-overlay wp-block-uagb-image--effect-static wp-block-uagb-image--align-left\"><figure class=\"wp-block-uagb-image__figure\"><img decoding=\"async\" srcset=\"https:\/\/websitedemos.net\/wp-content\/uploads\/2023\/10\/desserts-02.jpg ,https:\/\/websitedemos.net\/wp-content\/uploads\/2023\/10\/desserts-02.jpg 780w, https:\/\/websitedemos.net\/wp-content\/uploads\/2023\/10\/desserts-02.jpg 360w\" sizes=\"auto, (max-width: 480px) 150px\" src=\"https:\/\/websitedemos.net\/wp-content\/uploads\/2023\/10\/desserts-02.jpg\" alt=\"\" class=\"uag-image-80570\" width=\"282\" height=\"370\" title=\"\" loading=\"lazy\" role=\"img\"\/><div class=\"wp-block-uagb-image--layout-overlay__color-wrapper\"><\/div><div class=\"wp-block-uagb-image--layout-overlay__inner center-center\"><h2 class=\"uagb-image-heading\">dansjn<\/h2><\/div><\/figure><\/div>\n\n\n\n<div class=\"wp-block-uagb-image alignleft uagb-block-34d3e18c wp-block-uagb-image--layout-overlay wp-block-uagb-image--effect-static wp-block-uagb-image--align-left\"><figure class=\"wp-block-uagb-image__figure\"><img decoding=\"async\" srcset=\"https:\/\/websitedemos.net\/wp-content\/uploads\/2023\/10\/natures-02.jpg ,https:\/\/websitedemos.net\/wp-content\/uploads\/2023\/10\/natures-02.jpg 780w, https:\/\/websitedemos.net\/wp-content\/uploads\/2023\/10\/natures-02.jpg 360w\" sizes=\"auto, (max-width: 480px) 150px\" src=\"https:\/\/websitedemos.net\/wp-content\/uploads\/2023\/10\/natures-02.jpg\" alt=\"\" class=\"uag-image-80574\" width=\"282\" height=\"420\" title=\"\" loading=\"lazy\" role=\"img\"\/><div class=\"wp-block-uagb-image--layout-overlay__color-wrapper\"><\/div><div class=\"wp-block-uagb-image--layout-overlay__inner center-center\"><h2 class=\"uagb-image-heading\">ncjdcj<\/h2><\/div><\/figure><\/div>\n\n\n\n<div class=\"wp-block-uagb-image alignleft uagb-block-4cf84d79 wp-block-uagb-image--layout-overlay wp-block-uagb-image--effect-static wp-block-uagb-image--align-left\"><figure class=\"wp-block-uagb-image__figure\"><img decoding=\"async\" srcset=\"https:\/\/websitedemos.net\/wp-content\/uploads\/2023\/10\/snow-mountains-02.jpg ,https:\/\/websitedemos.net\/wp-content\/uploads\/2023\/10\/snow-mountains-02.jpg 780w, https:\/\/websitedemos.net\/wp-content\/uploads\/2023\/10\/snow-mountains-02.jpg 360w\" sizes=\"auto, (max-width: 480px) 150px\" src=\"https:\/\/websitedemos.net\/wp-content\/uploads\/2023\/10\/snow-mountains-02.jpg\" alt=\"\" class=\"uag-image-80578\" width=\"282\" height=\"370\" title=\"\" loading=\"lazy\" role=\"img\"\/><div class=\"wp-block-uagb-image--layout-overlay__color-wrapper\"><\/div><div class=\"wp-block-uagb-image--layout-overlay__inner center-center\"><h2 class=\"uagb-image-heading\">ncajcnsja<\/h2><\/div><\/figure><\/div>\n\n\n\n<div class=\"wp-block-uagb-image alignleft uagb-block-307f6743 wp-block-uagb-image--layout-overlay wp-block-uagb-image--effect-static wp-block-uagb-image--align-left\"><figure class=\"wp-block-uagb-image__figure\"><img decoding=\"async\" srcset=\"https:\/\/websitedemos.net\/wp-content\/uploads\/2023\/10\/mountains-02.jpg ,https:\/\/websitedemos.net\/wp-content\/uploads\/2023\/10\/mountains-02.jpg 780w, https:\/\/websitedemos.net\/wp-content\/uploads\/2023\/10\/mountains-02.jpg 360w\" sizes=\"auto, (max-width: 480px) 150px\" src=\"https:\/\/websitedemos.net\/wp-content\/uploads\/2023\/10\/mountains-02.jpg\" alt=\"\" class=\"uag-image-80572\" width=\"282\" height=\"420\" title=\"\" loading=\"lazy\" role=\"img\"\/><div class=\"wp-block-uagb-image--layout-overlay__color-wrapper\"><\/div><div class=\"wp-block-uagb-image--layout-overlay__inner center-center\"><h2 class=\"uagb-image-heading\">cjnjascj acjs<\/h2><\/div><\/figure><\/div>\n<\/div>\n<\/div><\/div>\n","protected":false},"excerpt":{"rendered":"","protected":false},"author":1,"featured_media":0,"parent":0,"menu_order":0,"comment_status":"closed","ping_status":"closed","template":"","meta":{"_uag_custom_page_level_css":"","site-sidebar-layout":"default","site-content-layout":"","ast-site-content-layout":"default","site-content-style":"default","site-sidebar-style":"default","ast-global-header-display":"","ast-banner-title-visibility":"","ast-main-header-display":"","ast-hfb-above-header-display":"","ast-hfb-below-header-display":"","ast-hfb-mobile-header-display":"","site-post-title":"disabled","ast-breadcrumbs-content":"","ast-featured-img":"","footer-sml-layout":"","ast-disable-related-posts":"","theme-transparent-header-meta":"","adv-header-id-meta":"","stick-header-meta":"","header-above-stick-meta":"","header-main-stick-meta":"","header-below-stick-meta":"","astra-migrate-meta-layouts":"default","ast-page-background-enabled":"default","ast-page-background-meta":{"desktop":{"background-color":"var(--ast-global-color-4)","background-image":"","background-repeat":"repeat","background-position":"center center","background-size":"auto","background-attachment":"scroll","background-type":"","background-media":"","overlay-type":"","overlay-color":"","overlay-opacity":"","overlay-gradient":""},"tablet":{"background-color":"","background-image":"","background-repeat":"repeat","background-position":"center center","background-size":"auto","background-attachment":"scroll","background-type":"","background-media":"","overlay-type":"","overlay-color":"","overlay-opacity":"","overlay-gradient":""},"mobile":{"background-color":"","background-image":"","background-repeat":"repeat","background-position":"center center","background-size":"auto","background-attachment":"scroll","background-type":"","background-media":"","overlay-type":"","overlay-color":"","overlay-opacity":"","overlay-gradient":""}},"ast-content-background-meta":{"desktop":{"background-color":"var(--ast-global-color-5)","background-image":"","background-repeat":"repeat","background-position":"center center","background-size":"auto","background-attachment":"scroll","background-type":"","background-media":"","overlay-type":"","overlay-color":"","overlay-opacity":"","overlay-gradient":""},"tablet":{"background-color":"var(--ast-global-color-5)","background-image":"","background-repeat":"repeat","background-position":"center center","background-size":"auto","background-attachment":"scroll","background-type":"","background-media":"","overlay-type":"","overlay-color":"","overlay-opacity":"","overlay-gradient":""},"mobile":{"background-color":"var(--ast-global-color-5)","background-image":"","background-repeat":"repeat","background-position":"center center","background-size":"auto","background-attachment":"scroll","background-type":"","background-media":"","overlay-type":"","overlay-color":"","overlay-opacity":"","overlay-gradient":""}},"footnotes":""},"class_list":["post-1291","page","type-page","status-publish","hentry"],"uagb_featured_image_src":{"full":false,"thumbnail":false,"medium":false,"medium_large":false,"large":false,"1536x1536":false,"2048x2048":false,"woocommerce_thumbnail":false,"woocommerce_single":false,"woocommerce_gallery_thumbnail":false},"uagb_author_info":{"display_name":"admin","author_link":"https:\/\/netto.itmate.com.pl\/?author=1"},"uagb_comment_info":0,"uagb_excerpt":null,"_links":{"self":[{"href":"https:\/\/netto.itmate.com.pl\/index.php?rest_route=\/wp\/v2\/pages\/1291","targetHints":{"allow":["GET"]}}],"collection":[{"href":"https:\/\/netto.itmate.com.pl\/index.php?rest_route=\/wp\/v2\/pages"}],"about":[{"href":"https:\/\/netto.itmate.com.pl\/index.php?rest_route=\/wp\/v2\/types\/page"}],"author":[{"embeddable":true,"href":"https:\/\/netto.itmate.com.pl\/index.php?rest_route=\/wp\/v2\/users\/1"}],"replies":[{"embeddable":true,"href":"https:\/\/netto.itmate.com.pl\/index.php?rest_route=%2Fwp%2Fv2%2Fcomments&post=1291"}],"version-history":[{"count":6,"href":"https:\/\/netto.itmate.com.pl\/index.php?rest_route=\/wp\/v2\/pages\/1291\/revisions"}],"predecessor-version":[{"id":1316,"href":"https:\/\/netto.itmate.com.pl\/index.php?rest_route=\/wp\/v2\/pages\/1291\/revisions\/1316"}],"wp:attachment":[{"href":"https:\/\/netto.itmate.com.pl\/index.php?rest_route=%2Fwp%2Fv2%2Fmedia&parent=1291"}],"curies":[{"name":"wp","href":"https:\/\/api.w.org\/{rel}","templated":true}]}}